{"id":409,"date":"2021-09-02T07:38:13","date_gmt":"2021-09-02T07:38:13","guid":{"rendered":"https:\/\/versusdata.eu\/?page_id=409"},"modified":"2021-09-29T08:02:50","modified_gmt":"2021-09-29T08:02:50","slug":"faq","status":"publish","type":"page","link":"https:\/\/versusdata.com\/es\/faq\/","title":{"rendered":"FAQs"},"content":{"rendered":"<h3>\u00bfQu\u00e9 es Versus Data?<\/h3>\r\n\r\n<p>Versus Data es la web que ofrece, en abierto y de forma gratuita, una ventana a las cifras de producci\u00f3n, evoluci\u00f3n y tendencias en el mercado asegurador espa\u00f1ol. En ella se pueden consultar los proyectos, n\u00famero de p\u00f3lizas emitidas y primas medias en tres rangos temporales distintos: las \u00faltimas 24 horas (los datos que se muestran en tiempo real), los \u00faltimos 7 d\u00edas y los anteriores 28 d\u00edas. Adem\u00e1s, esos datos se pueden consultar provincia a provincia, gracias a su funci\u00f3n de segmentaci\u00f3n geogr\u00e1fica.<\/p>\r\n\r\n<h3>\u00bfQu\u00e9 es Versus Analytics?<\/h3>\r\n\r\n<p>Versus Analytics es una aplicaci\u00f3n comercial (de pago) que monitoriza el mercado asegurador espa\u00f1ol y permite acceder a los registros de producci\u00f3n de los \u00faltimos 10 a\u00f1os en el multitarificador Avant2 Sales Manager. Opera y registra datos en tiempo real, ofreciendo cifras, gr\u00e1ficos y m\u00e9tricas que se actualizan cada 24 horas. Su capacidad para llevar a cabo an\u00e1lisis profundos, con multitud de segmentos y rangos temporales distintos, permite al usuario acceder a informes complejos, m\u00e9tricas avanzadas y generaci\u00f3n de estudios de mercado personalizables. Esas &#8216;features&#8217; convierten a Versus Analytics en una plataforma sin parang\u00f3n en el panorama tecnol\u00f3gico del sector asegurador en Espa\u00f1a. Es la herramienta capaz de facilitar los datos m\u00e1s seguros y fiables de c\u00f3mo se comporta el mercado.<\/p>\r\n\r\n<h3>\u00bfDe d\u00f3nde salen los datos que muestra Versus Data?<\/h3>\r\n\r\n<p>Versus Data es una web que se nutre de los datos generados en la aplicaci\u00f3n comercial Versus Analytics. Versus Analytics recoge y analiza todo el tr\u00e1fico del multitarificador Avant2 Sales Manager a nivel nacional, con una media mensual de casi tres millones de tarificaciones y actualizaci\u00f3n cada 24 horas.<\/p>\r\n\r\n<h3>\u00bfPuedo descargar la informaci\u00f3n de Versus Data?<\/h3>\r\n\r\n<p>No. Versus Data es una web que ofrece solo una visi\u00f3n r\u00e1pida del mercado. Para profundizar en los datos, acceder a informes y m\u00e9tricas avanzadas, as\u00ed como a su descarga, el usuario debe contratar la aplicaci\u00f3n Versus Analytics. Si desea m\u00e1s informaci\u00f3n sobre Versus Analytics, por favor dir\u00edjase a: aseguradoras@codeoscopic.com<\/p>\r\n\r\n<h3>\u00bfC\u00f3mo puedo ver las cifras a nivel nacional?<\/h3>\r\n\r\n<p>Para acceder a las cifras de toda Espa\u00f1a en versusdata.com solo hay que clicar en cualquier zona de mar y la aplicaci\u00f3n carga los datos agregados a nivel nacional.<\/p>\r\n\r\n<h3>\u00bfQu\u00e9 se entiende por proyecto?<\/h3>\r\n\r\n<p>El t\u00e9rmino &#8216;proyecto&#8217; hace referencia a un riesgo \u00fanico cotizado en Avant2 Sales Manager: por ejemplo los datos de un autom\u00f3vil, al margen de las variaciones que hagamos sobre datos relativos a conductores, modalidades de seguros, etc.<\/p>\r\n\r\n<h3>Las primas medias que aparecen, \u00bfson de cotizaciones o de emisiones?<\/h3>\r\n\r\n<p>Versus Data muestra las primas medias de las emisiones reales, de forma que no se trabaja sobre los precios de la propuesta, sino de la contrataci\u00f3n real.<\/p>\r\n\r\n<h3>\u00bfPuedo escoger en Versus Data otros periodos de tiempo distintos a los que muestra el panel?<\/h3>\r\n\r\n<p>Versus Data trabaja solamente con dos periodos de tiempo: a 7 d\u00edas y a 28 d\u00edas, con sus respectivas comparaciones con periodos anteriores. Para acceder a diferentes periodos de tiempo y a un rango de segmentaci\u00f3n m\u00e1s amplia, debe acceder a la aplicaci\u00f3n Versus Analytics. All\u00ed encontrar\u00e1 hasta 10 a\u00f1os de m\u00e9tricas y cifras.<\/p>\r\n\r\n<h3>\u00bfQui\u00e9n define la clasificaci\u00f3n de las modalidades de hogar?<\/h3>\r\n\r\n<p>Las categor\u00edas las definen las compa\u00f1\u00edas aseguradoras en las tres categor\u00edas que recoge Versus Data.<\/p>\r\n\r\n<h3>\u00bfPor  qu\u00e9 aparecen siempre las mismas cifras en la evaluaci\u00f3n de proyectos en diferentes modalidades?<\/h3>\r\n\r\n<p>Los datos se tratan con una multitarificaci\u00f3n, de forma que en todos los proyectos se calculan los precios de todas las modalidades.<\/p>\r\n\r\n<h3>\u00bfPor qu\u00e9 en los datos de 7 d\u00edas aparecen dos casi sin valores?<\/h3>\r\n\r\n<p>El an\u00e1lisis de los \u00faltimos 7 d\u00edas recoge siempre un fin de semana, d\u00edas en los cuales apenas hay actividad en cotizaciones y emisiones, y por eso los valores casi siempre se aproximan a cero.<\/p>\r\n","protected":false},"excerpt":{"rendered":"Versus Data es la web que ofrece, en abierto y de forma gratuita, una ventana a las cifras de producci\u00f3n, evoluci\u00f3n y tendencias en el mercado asegurador espa\u00f1ol. En ella se pueden consultar los proyectos, n\u00famero de p\u00f3lizas emitidas y primas medias en tres rangos temporales distintos: las \u00faltimas 24 horas (los datos que se muestran en tiempo real), los \u00faltimos 7 d\u00edas y los anteriores 28 d\u00edas. Adem\u00e1s, esos datos se pueden consultar provincia a provincia, gracias a su funci\u00f3n de segmentaci\u00f3n geogr\u00e1fica.","protected":false},"author":1,"featured_media":842,"parent":0,"menu_order":0,"comment_status":"closed","ping_status":"closed","template":"","meta":{"_monsterinsights_skip_tracking":false,"_monsterinsights_sitenote_active":false,"_monsterinsights_sitenote_note":"","_monsterinsights_sitenote_category":0,"footnotes":""},"class_list":["post-409","page","type-page","status-publish","has-post-thumbnail","hentry"],"aioseo_notices":[],"_links":{"self":[{"href":"https:\/\/versusdata.com\/es\/wp-json\/wp\/v2\/pages\/409","targetHints":{"allow":["GET"]}}],"collection":[{"href":"https:\/\/versusdata.com\/es\/wp-json\/wp\/v2\/pages"}],"about":[{"href":"https:\/\/versusdata.com\/es\/wp-json\/wp\/v2\/types\/page"}],"author":[{"embeddable":true,"href":"https:\/\/versusdata.com\/es\/wp-json\/wp\/v2\/users\/1"}],"replies":[{"embeddable":true,"href":"https:\/\/versusdata.com\/es\/wp-json\/wp\/v2\/comments?post=409"}],"version-history":[{"count":0,"href":"https:\/\/versusdata.com\/es\/wp-json\/wp\/v2\/pages\/409\/revisions"}],"wp:featuredmedia":[{"embeddable":true,"href":"https:\/\/versusdata.com\/es\/wp-json\/wp\/v2\/media\/842"}],"wp:attachment":[{"href":"https:\/\/versusdata.com\/es\/wp-json\/wp\/v2\/media?parent=409"}],"curies":[{"name":"wp","href":"https:\/\/api.w.org\/{rel}","templated":true}]}}