{"id":335,"date":"2021-08-18T14:35:09","date_gmt":"2021-08-18T14:35:09","guid":{"rendered":"https:\/\/versusdata.eu\/?page_id=335"},"modified":"2021-10-01T08:10:41","modified_gmt":"2021-10-01T08:10:41","slug":"evaluacion-de-riesgos","status":"publish","type":"page","link":"https:\/\/versusdata.com\/es\/evaluacion-de-riesgos\/","title":{"rendered":"Evaluaci\u00f3n de riesgos"},"content":{"rendered":"<!-- Claim -->\r\n<div class=\"main_claim\">\r\n    <span class=\"icon\"><img decoding=\"async\" src=\"\/wp-content\/uploads\/2021\/06\/icon-3.svg\" alt=\"\"><\/span>\r\n    <h1>Eval\u00faa riesgos y detecta oportunidades para adelantarte a tus competidores<\/h1>\r\n    <p>Los datos permiten analizar escenarios y anticipar la estrategia del resto de marcas. Con <strong>Versus Analytics<\/strong> las decisiones de tu compa\u00f1\u00eda estar\u00e1n apoyadas en indicadores precisos, fiables y actualizados al d\u00eda.\r\n<\/p>\r\n<\/div>\r\n\r\n<!-- Image -->\r\n<div class=\"main_image\">\r\n    <span class=\"image\"><img decoding=\"async\" src=\"\/wp-content\/uploads\/2021\/09\/3-1.jpg\" alt=\"\"><\/span>\r\n    <span class=\"text\">Detalle de cotizaci\u00f3n filtrada por modelo riesgo concreto.<\/span>\r\n<\/div>\r\n\r\n<!-- Text -->\r\n<div class=\"main_text\">\r\n    <p>Para incrementar tus posibilidades de venta y sacar el m\u00e1ximo beneficio de cada p\u00f3liza, <strong>Versus Analytics<\/strong> te permite definir segmentos de mercado y evaluar su volumen, oferta y el lugar que ocupa cada aseguradora.\r\n<\/p>\r\n<\/div>\r\n\r\n<!-- Image -->\r\n<div class=\"main_image\">\r\n    <span class=\"image\"><img decoding=\"async\" src=\"\/wp-content\/uploads\/2021\/09\/3-2.jpg\" alt=\"\"><\/span>\r\n    <span class=\"text\">Perfiles de riesgo nos permite segmentar el mercado y localizar nichos.<\/span>\r\n<\/div>\r\n\r\n<!-- Text -->\r\n<div class=\"main_text\">\r\n    <p>Accede a todos los perfiles de riesgo y segmenta el mercado para ajustar la b\u00fasqueda a tus necesidades. Puedes filtrar sobre la base de las diferentes variables y par\u00e1metros del riesgo, los perfiles de clientes y las zonas geogr\u00e1ficas. Diferentes niveles para detectar oportunidades de venta.\r\n<\/p>\r\n<\/div>\r\n\r\n<!-- Banner -->\r\n<div class=\"main_banner\">\r\n    <p><strong>\u00bfNecesitas ampliar estos datos?<\/strong><\/p> \r\n<p>Descubre Versus Analytics y accede a un universo de m\u00e9tricas, informes y an\u00e1lisis \u00fanico en el mercado.<\/p>\r\n    <a data-toggle=\"modal\" data-modal=\"modal_more_info\" class=\"btn primary\">Solicitar m\u00e1s informaci\u00f3n<\/a>\r\n<\/div>","protected":false},"excerpt":{"rendered":"Eval\u00faa riesgos y detecta oportunidades para adelantarte a tus competidores en el mercado asegurador. Los datos permiten analizar escenarios y anticipar la estrategia del resto de marcas. Con Versus Analytics las decisiones de tu compa\u00f1\u00eda estar\u00e1n apoyadas en indicadores precisos, fiables y actualizados al d\u00eda.","protected":false},"author":1,"featured_media":835,"parent":0,"menu_order":0,"comment_status":"closed","ping_status":"closed","template":"custom-features.php","meta":{"_monsterinsights_skip_tracking":false,"_monsterinsights_sitenote_active":false,"_monsterinsights_sitenote_note":"","_monsterinsights_sitenote_category":0,"footnotes":""},"class_list":["post-335","page","type-page","status-publish","has-post-thumbnail","hentry"],"aioseo_notices":[],"_links":{"self":[{"href":"https:\/\/versusdata.com\/es\/wp-json\/wp\/v2\/pages\/335","targetHints":{"allow":["GET"]}}],"collection":[{"href":"https:\/\/versusdata.com\/es\/wp-json\/wp\/v2\/pages"}],"about":[{"href":"https:\/\/versusdata.com\/es\/wp-json\/wp\/v2\/types\/page"}],"author":[{"embeddable":true,"href":"https:\/\/versusdata.com\/es\/wp-json\/wp\/v2\/users\/1"}],"replies":[{"embeddable":true,"href":"https:\/\/versusdata.com\/es\/wp-json\/wp\/v2\/comments?post=335"}],"version-history":[{"count":0,"href":"https:\/\/versusdata.com\/es\/wp-json\/wp\/v2\/pages\/335\/revisions"}],"wp:featuredmedia":[{"embeddable":true,"href":"https:\/\/versusdata.com\/es\/wp-json\/wp\/v2\/media\/835"}],"wp:attachment":[{"href":"https:\/\/versusdata.com\/es\/wp-json\/wp\/v2\/media?parent=335"}],"curies":[{"name":"wp","href":"https:\/\/api.w.org\/{rel}","templated":true}]}}