{"id":330,"date":"2021-08-18T14:31:55","date_gmt":"2021-08-18T14:31:55","guid":{"rendered":"https:\/\/versusdata.eu\/?page_id=330"},"modified":"2022-04-04T10:38:46","modified_gmt":"2022-04-04T10:38:46","slug":"analisis-de-datos","status":"publish","type":"page","link":"https:\/\/versusdata.com\/es\/analisis-de-datos\/","title":{"rendered":"An\u00e1lisis de datos"},"content":{"rendered":"<!-- Claim -->\r\n<div class=\"main_claim\">\r\n    <span class=\"icon\"><img decoding=\"async\" src=\"\/wp-content\/uploads\/2021\/06\/icon-1.svg\" alt=\"\"><\/span>\r\n    <h1>Analiza millones de datos, al instante<\/h1>\r\n    <p>Versus te da acceso a toda la informaci\u00f3n sobre c\u00f3mo evoluciona el mercado asegurador: an\u00e1lisis de datos en tiempo real para apoyar la toma de decisiones estrat\u00e9gicas.<\/p>\r\n<\/div>\r\n\r\n<!-- Text -->\r\n<div class=\"main_text\">\r\n    <p><strong>Versus Analytics<\/strong> gestiona millones de datos diarios de consultas, proyectos, primas y emisiones de p\u00f3lizas. Ese volumen de informaci\u00f3n la convierte en la \u00fanica herramienta que ofrece una visi\u00f3n completa del mercado en tiempo real.<\/p>\r\n<\/div>\r\n\r\n<!-- Image -->\r\n<div class=\"main_image\">\r\n    <span class=\"image\"><img decoding=\"async\" src=\"\/wp-content\/uploads\/2021\/09\/1-1.jpg\" alt=\"\"><\/span>\r\n    <span class=\"text\">Detalle de los proyectos totales de autos en un mes desde el Dashboard.<\/span>\r\n<\/div>\r\n\r\n<!-- Text -->\r\n<div class=\"main_text\">\r\n    <p>La plataforma permite analizar en detalle la evoluci\u00f3n del mercado de seguros con m\u00e1xima precisi\u00f3n. A trav\u00e9s de sus diferentes filtros, par\u00e1metros e indicadores ofrece informaci\u00f3n fiable y de valor, que reduce la incertidumbre en la toma de decisiones e incrementa beneficios.<\/p>\r\n<\/div>\r\n\r\n<!-- Banner -->\r\n<div class=\"main_banner\">\r\n    <p><strong>\u00bfNecesitas ampliar estos datos?<\/strong><\/p> \r\n<p>Descubre Versus Analytics y accede a un universo de m\u00e9tricas, informes y an\u00e1lisis \u00fanico en el mercado.<\/p>\r\n    <a data-toggle=\"modal\" data-modal=\"modal_more_info\" class=\"btn primary\">Solicitar m\u00e1s informaci\u00f3n<\/a>\r\n<\/div>\r\n","protected":false},"excerpt":{"rendered":"Accede a toda la informaci\u00f3n para saber c\u00f3mo evoluciona el mercado asegurador, con datos en tiempo real que apoyan la toma de decisiones estrat\u00e9gicas. Ten mayor an\u00e1lisis de datos estad\u00edsticos de qu\u00e9 est\u00e1 pasando en el mercado asegurador. Versus Analytics gestiona millones de datos diarios de consultas, proyectos, primas y emisiones de p\u00f3lizas. Ese volumen de informaci\u00f3n la convierte en la \u00fanica herramienta que ofrece una visi\u00f3n completa del mercado en tiempo real.","protected":false},"author":1,"featured_media":828,"parent":0,"menu_order":0,"comment_status":"closed","ping_status":"closed","template":"custom-features.php","meta":{"_monsterinsights_skip_tracking":false,"_monsterinsights_sitenote_active":false,"_monsterinsights_sitenote_note":"","_monsterinsights_sitenote_category":0,"footnotes":""},"class_list":["post-330","page","type-page","status-publish","has-post-thumbnail","hentry"],"aioseo_notices":[],"_links":{"self":[{"href":"https:\/\/versusdata.com\/es\/wp-json\/wp\/v2\/pages\/330","targetHints":{"allow":["GET"]}}],"collection":[{"href":"https:\/\/versusdata.com\/es\/wp-json\/wp\/v2\/pages"}],"about":[{"href":"https:\/\/versusdata.com\/es\/wp-json\/wp\/v2\/types\/page"}],"author":[{"embeddable":true,"href":"https:\/\/versusdata.com\/es\/wp-json\/wp\/v2\/users\/1"}],"replies":[{"embeddable":true,"href":"https:\/\/versusdata.com\/es\/wp-json\/wp\/v2\/comments?post=330"}],"version-history":[{"count":0,"href":"https:\/\/versusdata.com\/es\/wp-json\/wp\/v2\/pages\/330\/revisions"}],"wp:featuredmedia":[{"embeddable":true,"href":"https:\/\/versusdata.com\/es\/wp-json\/wp\/v2\/media\/828"}],"wp:attachment":[{"href":"https:\/\/versusdata.com\/es\/wp-json\/wp\/v2\/media?parent=330"}],"curies":[{"name":"wp","href":"https:\/\/api.w.org\/{rel}","templated":true}]}}