{"id":327,"date":"2021-08-18T14:30:45","date_gmt":"2021-08-18T14:30:45","guid":{"rendered":"https:\/\/versusdata.eu\/?page_id=327"},"modified":"2021-10-01T08:13:56","modified_gmt":"2021-10-01T08:13:56","slug":"big-data-asegurador","status":"publish","type":"page","link":"https:\/\/versusdata.com\/es\/big-data-asegurador\/","title":{"rendered":"Big data asegurador"},"content":{"rendered":"<!-- Claim -->\r\n<div class=\"main_claim\">\r\n    <span class=\"icon\"><img decoding=\"async\" src=\"\/wp-content\/uploads\/2021\/06\/icon-4.svg\" alt=\"\"><\/span>\r\n    <h1>&#8216;Big data&#8217; para el sector seguros<\/h1>\r\n    <p><strong>Versus Analytics<\/strong> es la primera plataforma de &#8216;data mining&#8217; avanzado que se enfoca al mercado de seguros. Inteligencia artificial para analizar indicadores clave en tiempo real y generar modelos predictivos.<\/p>\r\n<\/div>\r\n\r\n<!-- Image -->\r\n<div class=\"main_image\">\r\n    <span class=\"image\"><img decoding=\"async\" src=\"\/wp-content\/uploads\/2021\/09\/4-1.jpg\" alt=\"\"><\/span>\r\n    <span class=\"text\">An\u00e1lisis de todas las m\u00e9tricas por zonas geogr\u00e1ficas.<\/span>\r\n<\/div>\r\n\r\n<!-- Text -->\r\n<div class=\"main_text\">\r\n    <p>Funciona en formato SaaS (<em>Software as a Service<\/em>) y toma sus datos de <strong>Versus Analytics<\/strong>, herramienta alojada en la infraestructura cloud de AWS. Cada d\u00eda, el <em>ecosistema Versus<\/em> se sincroniza con <strong>Avant2 Sales Manager<\/strong> para realizar en apenas 15 segundos consultas complejas sobre 50 millones de filas, m\u00e1s de 260 millones de precios en tiempo real. <\/p>\r\n<\/div>\r\n\r\n<!-- Image -->\r\n<div class=\"main_image\">\r\n    <span class=\"image\"><img decoding=\"async\" src=\"\/wp-content\/uploads\/2021\/09\/4-2.jpg\" alt=\"\"><\/span>\r\n    <span class=\"text\">El volumen de an\u00e1lisis registra millones de consultas.<\/span>\r\n<\/div>\r\n\r\n<!-- Text -->\r\n<div class=\"main_text\">\r\n    <p>Ese volumen de datos permite b\u00fasquedas por segmentaci\u00f3n geogr\u00e1fica al detalle. Controla tus zonas de influencia estableciendo un seguimiento personalizado por regiones, poblaciones y hasta distritos postales. Accede a la informaci\u00f3n de cualquier zona en tiempo real y opera r\u00e1pidamente. <\/p>\r\n<\/div>\r\n\r\n<!-- Banner -->\r\n<div class=\"main_banner\">\r\n    <p><strong>\u00bfNecesitas ampliar estos datos?<\/strong><\/p> \r\n<p>Descubre Versus Analytics y accede a un universo de m\u00e9tricas, informes y an\u00e1lisis \u00fanico en el mercado.<\/p>\r\n    <a data-toggle=\"modal\" data-modal=\"modal_more_info\" class=\"btn primary\">Solicitar m\u00e1s informaci\u00f3n<\/a>\r\n<\/div>","protected":false},"excerpt":{"rendered":"&#8216;Big data&#8217; para el sector asegurador. Versus Analytics es la primera plataforma de anal\u00edtica avanzada enfocada en el mercado de seguros. Una puerta de acceso en tiempo real a todos los indicadores de evoluci\u00f3n, actividad y producci\u00f3n en el sector. Toda la tecnolog\u00eda para ser m\u00e1s competitivo.","protected":false},"author":1,"featured_media":839,"parent":0,"menu_order":0,"comment_status":"closed","ping_status":"closed","template":"custom-features.php","meta":{"_monsterinsights_skip_tracking":false,"_monsterinsights_sitenote_active":false,"_monsterinsights_sitenote_note":"","_monsterinsights_sitenote_category":0,"footnotes":""},"class_list":["post-327","page","type-page","status-publish","has-post-thumbnail","hentry"],"aioseo_notices":[],"_links":{"self":[{"href":"https:\/\/versusdata.com\/es\/wp-json\/wp\/v2\/pages\/327","targetHints":{"allow":["GET"]}}],"collection":[{"href":"https:\/\/versusdata.com\/es\/wp-json\/wp\/v2\/pages"}],"about":[{"href":"https:\/\/versusdata.com\/es\/wp-json\/wp\/v2\/types\/page"}],"author":[{"embeddable":true,"href":"https:\/\/versusdata.com\/es\/wp-json\/wp\/v2\/users\/1"}],"replies":[{"embeddable":true,"href":"https:\/\/versusdata.com\/es\/wp-json\/wp\/v2\/comments?post=327"}],"version-history":[{"count":0,"href":"https:\/\/versusdata.com\/es\/wp-json\/wp\/v2\/pages\/327\/revisions"}],"wp:featuredmedia":[{"embeddable":true,"href":"https:\/\/versusdata.com\/es\/wp-json\/wp\/v2\/media\/839"}],"wp:attachment":[{"href":"https:\/\/versusdata.com\/es\/wp-json\/wp\/v2\/media?parent=327"}],"curies":[{"name":"wp","href":"https:\/\/api.w.org\/{rel}","templated":true}]}}