{"id":324,"date":"2021-08-18T14:27:18","date_gmt":"2021-08-18T14:27:18","guid":{"rendered":"https:\/\/versusdata.eu\/?page_id=324"},"modified":"2021-10-01T08:09:52","modified_gmt":"2021-10-01T08:09:52","slug":"estudios-de-mercado","status":"publish","type":"page","link":"https:\/\/versusdata.com\/es\/estudios-de-mercado\/","title":{"rendered":"Estudios de mercado"},"content":{"rendered":"<!-- Claim -->\r\n<div class=\"main_claim\">\r\n    <span class=\"icon\"><img decoding=\"async\" src=\"\/wp-content\/uploads\/2021\/06\/icon-2.svg\" alt=\"\"><\/span>\r\n    <h1>Estudia el mercado asegurador y posiciona tu marca frente a la competencia<\/h1>\r\n    <p>Apoyado en miles de cotizaciones, <strong>Versus Analytics<\/strong> combina diversas m\u00e9tricas y un profundo an\u00e1lisis para detectar la posici\u00f3n de cada aseguradora y generar los estudios de mercado m\u00e1s fiables.<\/p>\r\n<\/div>\r\n\r\n<!-- Image -->\r\n<div class=\"main_image\">\r\n    <span class=\"image\"><img decoding=\"async\" src=\"\/wp-content\/uploads\/2021\/09\/2-comparativa-1.jpg\" alt=\"\"><\/span>\r\n    <span class=\"text\">En an\u00e1lisis de mercado podemos hacer una comparativa de los competidores del mercado.<\/span>\r\n<\/div>\r\n\r\n<!-- Text -->\r\n<div class=\"main_text\">\r\n    <p>La plataforma combina m\u00e1s de 27 m\u00e9tricas y par\u00e1metros diferentes, lo que facilita una visi\u00f3n m\u00e1s profunda y detallada de c\u00f3mo se mueve cada uno de los competidores en el mercado. Informaci\u00f3n actualizada, precisa y fiable para adecuar las estrategias de posicionamiento y <em>pricing<\/em>.<\/p>\r\n<\/div>\r\n\r\n<!-- Image -->\r\n<div class=\"main_image\">\r\n    <span class=\"image\"><img decoding=\"async\" src=\"\/wp-content\/uploads\/2021\/09\/2-2-2.jpg\" alt=\"\"><\/span>\r\n    <span class=\"text\">Con los datos analizados se pueden desarrollar modelos de posicionamiento.<\/span>\r\n<\/div>\r\n\r\n<!-- Text -->\r\n<div class=\"main_text\">\r\n    <p><strong>Versus Analytics<\/strong> ordena esa informaci\u00f3n y ofrece, a trav\u00e9s de un potente cat\u00e1logo de filtros y visiones, la posibilidad de estudiar el mercado desde todas las perspectivas: proveedores, distribuidores, volumen, ratios, precios medios, segmentaci\u00f3n\u2026<\/p>\r\n    <p>Y todo, con la m\u00e1xima fiabilidad y rapidez.<\/p>\r\n<\/div>\r\n\r\n<!-- Banner -->\r\n<div class=\"main_banner\">\r\n    <p><strong>\u00bfNecesitas ampliar estos datos?<\/strong><\/p> \r\n<p>Descubre Versus Analytics y accede a un universo de m\u00e9tricas, informes y an\u00e1lisis \u00fanico en el mercado.<\/p>\r\n    <a data-toggle=\"modal\" data-modal=\"modal_more_info\" class=\"btn primary\">Solicitar m\u00e1s informaci\u00f3n<\/a>\r\n<\/div>","protected":false},"excerpt":{"rendered":"Analiza miles de cotizaciones diarias y posiciona tu marca frente a la competencia. \u00a1Conoce la oferta m\u00e1s amplia en el mercado asegurador! Versus Analytics detecta la posici\u00f3n de cada aseguradora, combinando diversas m\u00e9tricas y un profundo an\u00e1lisis de todas las operaciones que se generan en el mercado.","protected":false},"author":1,"featured_media":831,"parent":0,"menu_order":0,"comment_status":"closed","ping_status":"closed","template":"custom-features.php","meta":{"_monsterinsights_skip_tracking":false,"_monsterinsights_sitenote_active":false,"_monsterinsights_sitenote_note":"","_monsterinsights_sitenote_category":0,"footnotes":""},"class_list":["post-324","page","type-page","status-publish","has-post-thumbnail","hentry"],"aioseo_notices":[],"_links":{"self":[{"href":"https:\/\/versusdata.com\/es\/wp-json\/wp\/v2\/pages\/324","targetHints":{"allow":["GET"]}}],"collection":[{"href":"https:\/\/versusdata.com\/es\/wp-json\/wp\/v2\/pages"}],"about":[{"href":"https:\/\/versusdata.com\/es\/wp-json\/wp\/v2\/types\/page"}],"author":[{"embeddable":true,"href":"https:\/\/versusdata.com\/es\/wp-json\/wp\/v2\/users\/1"}],"replies":[{"embeddable":true,"href":"https:\/\/versusdata.com\/es\/wp-json\/wp\/v2\/comments?post=324"}],"version-history":[{"count":0,"href":"https:\/\/versusdata.com\/es\/wp-json\/wp\/v2\/pages\/324\/revisions"}],"wp:featuredmedia":[{"embeddable":true,"href":"https:\/\/versusdata.com\/es\/wp-json\/wp\/v2\/media\/831"}],"wp:attachment":[{"href":"https:\/\/versusdata.com\/es\/wp-json\/wp\/v2\/media?parent=324"}],"curies":[{"name":"wp","href":"https:\/\/api.w.org\/{rel}","templated":true}]}}