{"id":316,"date":"2021-08-18T14:20:03","date_gmt":"2021-08-18T14:20:03","guid":{"rendered":"https:\/\/versusdata.eu\/?page_id=316"},"modified":"2024-02-26T10:51:35","modified_gmt":"2024-02-26T10:51:35","slug":"inicio","status":"publish","type":"page","link":"https:\/\/versusdata.com\/es\/","title":{"rendered":"Inicio"},"content":{"rendered":"<!-- Content \u00b7 src\/sass\/tpl\/home.scss -->\r\n<div class=\"main_versus_home_tpl\">\r\n\r\n            <!-- Map Section -->\r\n            <div class=\"main_map_section\">\r\n\r\n                <!-- Content -->\r\n                <div class=\"wrap_map_section\">\r\n\r\n                    <!-- Box -->\r\n                    <div class=\"main_metric_box\">\r\n\r\n                        <!-- Toggle -->\r\n                        <div class=\"main_toggle\">\r\n                            <input type=\"radio\" name=\"tbox\" id=\"premiums\" checked>\r\n                            <label for=\"premiums\"><span>Primas<\/span><\/label>\r\n                            <input type=\"radio\" name=\"tbox\" id=\"projects\">\r\n                            <label for=\"projects\"><span>Oportunidades<\/span><\/label>\r\n                            <input type=\"radio\" name=\"tbox\" id=\"issuances\">\r\n                            <label for=\"issuances\"><span>Emisiones<\/span><\/label>\r\n                        <\/div>\r\n\r\n                        <!-- Title -->\r\n                        <div class=\"main_item title\">\r\n                            <div class=\"item\"><\/div>\r\n                            <div class=\"item flex center\"><span><\/span><span class=\"icon_20 arrow green\"><\/span><\/div>\r\n                        <\/div>\r\n\r\n                        <!-- Price -->\r\n                        <div class=\"main_item price\">\r\n                            <div class=\"item\"><\/div>\r\n                            <div class=\"item label\"><\/div>\r\n                        <\/div>\r\n\r\n                        <!-- Grid number -->\r\n                        <div class=\"main_item grid\">\r\n                            <div class=\"item\">\r\n                                <span class=\"orange\"><\/span>\r\n                                <span>Periodo anterior<\/span>\r\n                            <\/div>\r\n                            <div class=\"item\">\r\n                                <span>0\u20ac<\/span>\r\n                                <span>\u00daltimo valor<\/span>\r\n                            <\/div>\r\n                        <\/div>\r\n\r\n                        <!-- Stat -->\r\n                        <div class=\"main_stat\">\r\n                            <div class=\"legend\">\r\n                                <div class=\"item actual\">\r\n                                    <span><\/span>\r\n                                    <span>Actual<\/span>\r\n                                <\/div>\r\n                                <div class=\"item past\">\r\n                                    <span><\/span>\r\n                                    <span class=\"previous\"><\/span>\r\n                                <\/div>\r\n                                <div class=\"item spain\">\r\n                                    <span><\/span>\r\n                                    <span>Espa\u00f1a<\/span>\r\n                                <\/div>\r\n                            <\/div>\r\n                            <div id=\"evolution\"><\/div>\r\n                        <\/div>\r\n\r\n                        <!-- Summary -->\r\n                        <div class=\"main_item default\">\r\n                            <div class=\"item\">Ratio de conversi\u00f3n<\/div>\r\n                            <div class=\"item\"><b><\/b><\/div>\r\n                        <\/div>\r\n                        <div class=\"main_item default\">\r\n                            <div class=\"item\">Vol. de primas<\/div>\r\n                            <div class=\"item\"><b><\/b><\/div>\r\n                        <\/div>\r\n\r\n                        <!-- Summary map hot -->\r\n                        <div class=\"main_item heat_map\">\r\n                            <div class=\"item\">\r\n                                <span><\/span>\r\n                                <span><\/span>\r\n                            <\/div>\r\n                            <div class=\"item\">\r\n                                <span><\/span>\r\n                                <span><\/span>\r\n                            <\/div>\r\n                            <div class=\"item\">\r\n                                <span><\/span>\r\n                                <span><\/span>\r\n                            <\/div>\r\n                            <div class=\"item\">\r\n                                <span><\/span>\r\n                                <span><\/span>\r\n                            <\/div>\r\n                            <div class=\"item\">\r\n                                <span><\/span>\r\n                                <span><\/span>\r\n                            <\/div>\r\n                        <\/div>\r\n                    <\/div>\r\n                <\/div>\r\n\r\n                <!-- Here map -->\r\n                <div class=\"main_map\" id=\"main_map\"><\/div>\r\n            <\/div>\r\n\r\n            <!-- Marquee numbers -->\r\n            <div class=\"main_number_marquee\"><\/div>\r\n\r\n            <!-- Welcome & Help to use VersusInsurance -->\r\n            <div class=\"main_welcome_versus\">\r\n                <div class=\"wrap_welcome_versus\">\r\n\r\n                    <h1>\u00bfQuieres ampliar estos datos? <br>Descubre Versus Analytics y accede a todas las m\u00e9tricas e informes sobre el mercado<\/br><\/h1>\r\n                    <!-- Close -->\r\n                    <!--<a class=\"icon_close_welcome\"><span class=\"icon_20 close\"><\/span><\/a>  -->\r\n\r\n                    <div class=\"main_grid\">\r\n                        <!--1-->\r\n                        <div class=\"main_item\">\r\n                            <span class=\"arrow\"><img decoding=\"async\" src=\"\/wp-content\/uploads\/2021\/09\/arrow.svg\" alt=\"\"><\/span>\r\n                            <span class=\"icon\"><img decoding=\"async\" src=\"\/wp-content\/uploads\/2021\/09\/icon_1.svg\" alt=\"\"><\/span>\r\n                            <span class=\"title\">M\u00e1ximo control<\/span>\r\n                            <span class=\"description\">Informaci\u00f3n actualizada de tu posicionamiento para definir la mejor estrategia y optimizar el resultado de tus operaciones.<\/span>\r\n                        <\/div>\r\n\r\n                        <!--2-->\r\n                        <div class=\"main_item\">\r\n                            <span class=\"arrow\"><img decoding=\"async\" src=\"\/wp-content\/uploads\/2021\/09\/arrow.svg\" alt=\"\"><\/span>\r\n                            <span class=\"icon\"><img decoding=\"async\" src=\"\/wp-content\/uploads\/2021\/09\/icon_2.svg\" alt=\"\"><\/span>\r\n                            <span class=\"title\">Conoce la oferta y la demanda<\/span>\r\n                            <span class=\"description\">Sigue las cotizaciones, emisiones y precios en el mercado, a partir de los millones de oportunidades que se generan en Avant2 Sales Manager.<\/span>\r\n                        <\/div>\r\n\r\n                        <!--3-->\r\n                        <div class=\"main_item\">\r\n                            <span class=\"icon\"><img decoding=\"async\" src=\"\/wp-content\/uploads\/2021\/09\/icon_3.svg\" alt=\"\"><\/span>\r\n                            <span class=\"title\">Riesgos y oportunidades<\/span>\r\n                            <span class=\"description\">Segmenta para apuntar a tu &#8216;target&#8217;, define perfiles, eval\u00faa riesgos y analiza contrataciones&#8230; Toda la informaci\u00f3n que necesitas, a un solo clic.<\/span>\r\n                        <\/div>\r\n                    <\/div>\r\n                <\/div>\r\n            <\/div>\r\n\r\n            \r\n            <!-- Modalities Evolution -->\r\n            <div class=\"main_modalities_evolution\">\r\n                <div class=\"wrap_modalities_evolution\">\r\n\r\n                      <div class=\"first_cta\">\r\n                         <p>Te invitamos a conocer la aplicaci\u00f3n que monitoriza el mercado asegurador.<\/p>\r\n                         <a data-modal=\"modal_more_info\" data-toggle=\"modal\" class=\"btn primary app\">Solicitar informaci\u00f3n<\/a>\r\n                     <\/div>\r\n\r\n                    <h1><\/h1>\r\n\r\n                    <!-- Select modalities -->\r\n                    <div class=\"select_modalities\">\r\n                        <div class=\"wrap_select\">\r\n                            <select id=\"selectRegion\"><\/select>\r\n                            <span class=\"arrow\"><\/span>\r\n                            <label for=\"Name\">Regi\u00f3n<\/label>\r\n                        <\/div>\r\n\r\n                        <!-- Toggle -->\r\n                        <div class=\"main_toggle\">\r\n                            <input type=\"radio\" name=\"tbox_1\" id=\"premiums_1\" checked>\r\n                            <label for=\"premiums_1\"><span>Primas<\/span><\/label>\r\n                            <input type=\"radio\" name=\"tbox_1\" id=\"projects_1\">\r\n                            <label for=\"projects_1\"><span>Oportunidades<\/span><\/label>\r\n                            <input type=\"radio\" name=\"tbox_1\" id=\"issuances_1\">\r\n                            <label for=\"issuances_1\"><span>Emisiones<\/span><\/label>\r\n                        <\/div>\r\n                    <\/div>\r\n\r\n                    <div class=\"main_grid_modalities\">\r\n\r\n                        <!-- HR -->\r\n                        <div class=\"main_item hr\">\r\n                            <div class=\"item\">Tipos<\/div>\r\n                            <div class=\"item\">% Emisiones<\/div>\r\n                            <div class=\"item\">Prima media<\/div>\r\n                            <div class=\"item\"><\/div>\r\n                        <\/div>\r\n\r\n                    <\/div>\r\n\r\n                    <div class=\"end_cta\">\r\n                        <span>\u00bfNecesitas ampliar estos datos? S\u00fabete a Versus Analytics<\/span>\r\n                        <a data-modal=\"modal_more_info\" data-toggle=\"modal\" class=\"btn primary\">Descubre la aplicaci\u00f3n<\/a>\r\n                    <\/div>\r\n                <\/div>\r\n            <\/div>\r\n\r\n            <!--\u2013\u2013\u2013\u2013\u2013\u2013\u2013\u2013\u2013\u2013\u2013\u2013-->\r\n            <!-- Advantages -->\r\n\r\n            <div class=\"main_advantages\">\r\n                <div class=\"wrap_advantages\">\r\n                    <h2><strong><strong>Millones de datos<\/strong>, analizados al <strong>segundo<\/strong><\/strong><\/h2>\r\n                    <p>Versus Analytics monitoriza los datos de producci\u00f3n en el sector seguros en tiempo real para ofrecerte las cifras y m\u00e9tricas que te ayudar\u00e1n a mejorar tu estrategia y la toma de decisiones.<\/p>\r\n\r\n                    <div class=\"main_grid\">\r\n                        <div class=\"item\">\r\n                            <span class=\"icon\"><img decoding=\"async\" src=\"\/wp-content\/uploads\/2021\/06\/icon-1.svg\" alt=\"\"><\/span>\r\n                            <span class=\"text\"><b>An\u00e1lisis de datos.<\/b> Informaci\u00f3n actualizada para apoyar la toma de decisiones estrat\u00e9gicas.<\/span>\r\n                            <a href=\"https:\/\/versusdata.com\/en\/stadistic-control\/\">M\u00e1s informaci\u00f3n \u203a<\/a>\r\n                        <\/div>\r\n                        <div class=\"item\">\r\n                            <span class=\"icon\"><img decoding=\"async\" src=\"\/wp-content\/uploads\/2021\/06\/icon-2.svg\" alt=\"\"><\/span>\r\n                            <span class=\"text\"><b>Estudios de mercado<\/b> para anticipar escenarios y optimizar tus esfuerzos e inversiones.<\/span>\r\n                            <a href=\"https:\/\/versusdata.com\/en\/know-the-offer\/\">M\u00e1s informaci\u00f3n \u203a<\/a>\r\n                        <\/div>\r\n                        <div class=\"item\">\r\n                            <span class=\"icon\"><img decoding=\"async\" src=\"\/wp-content\/uploads\/2021\/06\/icon-3.svg\" alt=\"\"><\/span>\r\n                            <span class=\"text\"><b>Evaluaci\u00f3n de riesgos.<\/b> Consulta \u00e1gil de los datos clave de tu competencia, sector y rango.<\/span>\r\n                            <a href=\"https:\/\/versusdata.com\/en\/evaluate-risks\/\">M\u00e1s informaci\u00f3n \u203a<\/a>\r\n                        <\/div>\r\n                        <div class=\"item\">\r\n                            <span class=\"icon\"><img decoding=\"async\" src=\"\/wp-content\/uploads\/2021\/06\/icon-4.svg\" alt=\"\"><\/span>\r\n                            <span class=\"text\"><b>&#8216;Big data&#8217; asegurador.<\/b> Accede a indicadores en tiempo real y opera r\u00e1pidamente.<\/span>\r\n                            <a href=\"https:\/\/versusdata.com\/en\/all-the-technology\/\">M\u00e1s informaci\u00f3n \u203a<\/a>\r\n                        <\/div>\r\n                    <\/div>\r\n\r\n                    <!-- Dual box -->\r\n                    <div class=\"dual_box\">\r\n\r\n                        <!-- Left -->\r\n                        <div class=\"main_item\">\r\n                            <div class=\"main_content\">\r\n                                <span class=\"title\">Con Versus Analytics tendr\u00e1s an\u00e1lisis segmentados del mercado, monitorizaci\u00f3n y comparaci\u00f3n de datos por municipios, distritos y barrios\u2026<\/span>\r\n                                <span class=\"text\">\u00bfQuieres llegar al siguiente nivel? Descubre la aplicaci\u00f3n y acceder\u00e1s a todas las m\u00e9tricas de primas, emisiones y pre-emisiones: podr\u00e1s definir la mejor estrategia seg\u00fan tu perfil de riesgo.<br\/>\r\n\u00a1Inf\u00f3rmate ahora!<\/span>\r\n                                <a data-modal=\"modal_more_info\" data-toggle=\"modal\" class=\"btn primary\">Quiero Versus Analytics<\/a>\r\n                            <\/div>\r\n                        <\/div>\r\n\r\n                        <!-- Right -->\r\n                        <div class=\"main_item\">\r\n                            <a class=\"player\" data-modal=\"modal_versus_play\" data-toggle=\"modal\" onClick=\"javascript:youTubeIframeAPIReady();\">\r\n                              <div class=\"btn_player\">\r\n                                  <span class=\"icon_30 play black\"><\/span>\r\n                              <\/div>\r\n                            <\/a>\r\n                        <\/div>\r\n\r\n                    <\/div>\r\n                <\/div>\r\n            <\/div>\r\n        <\/div>\r\n\r\n        <!-- Popup Video Player -->\r\n        <div class=\"main_versus_video system_popup\" id=\"modal_versus_play\">\r\n            <a class=\"close-modal btn_close\" onClick=\"javascript:stopVideo();\">\r\n                <span class=\"icon_20 close white\"><\/span>\r\n            <\/a>\r\n\r\n            <div class=\"wrap_versus_video\">\r\n                <div class=\"main_content\">\r\n                  <div id=\"youtube_video\"><\/div>\r\n                <\/div>\r\n            <\/div>\r\n        <\/div>","protected":false},"excerpt":{"rendered":"\u00a1Versus Data monitoriza el sector seguros en tiempo real para ofrecerte cifras y m\u00e9tricas que te ayuden a mejorar tu estrategia.! Millones de datos, analizados al segundo. Consulta como evolucionan los precios de Autos, Motos y Hogar y sus modalidades asociadas. \u00a1Conoce oferta, demanda, riesgos y oportunidades de un vistazo!","protected":false},"author":1,"featured_media":501,"parent":0,"menu_order":0,"comment_status":"closed","ping_status":"closed","template":"custom.php","meta":{"_monsterinsights_skip_tracking":false,"_monsterinsights_sitenote_active":false,"_monsterinsights_sitenote_note":"","_monsterinsights_sitenote_category":0,"footnotes":""},"class_list":["post-316","page","type-page","status-publish","has-post-thumbnail","hentry"],"aioseo_notices":[],"_links":{"self":[{"href":"https:\/\/versusdata.com\/es\/wp-json\/wp\/v2\/pages\/316","targetHints":{"allow":["GET"]}}],"collection":[{"href":"https:\/\/versusdata.com\/es\/wp-json\/wp\/v2\/pages"}],"about":[{"href":"https:\/\/versusdata.com\/es\/wp-json\/wp\/v2\/types\/page"}],"author":[{"embeddable":true,"href":"https:\/\/versusdata.com\/es\/wp-json\/wp\/v2\/users\/1"}],"replies":[{"embeddable":true,"href":"https:\/\/versusdata.com\/es\/wp-json\/wp\/v2\/comments?post=316"}],"version-history":[{"count":0,"href":"https:\/\/versusdata.com\/es\/wp-json\/wp\/v2\/pages\/316\/revisions"}],"wp:featuredmedia":[{"embeddable":true,"href":"https:\/\/versusdata.com\/es\/wp-json\/wp\/v2\/media\/501"}],"wp:attachment":[{"href":"https:\/\/versusdata.com\/es\/wp-json\/wp\/v2\/media?parent=316"}],"curies":[{"name":"wp","href":"https:\/\/api.w.org\/{rel}","templated":true}]}}