{"id":312,"date":"2021-08-18T14:17:32","date_gmt":"2021-08-18T14:17:32","guid":{"rendered":"https:\/\/versusdata.eu\/politica-de-privacidad\/"},"modified":"2026-02-11T15:19:49","modified_gmt":"2026-02-11T15:19:49","slug":"politica-de-privacidad","status":"publish","type":"page","link":"https:\/\/versusdata.com\/es\/politica-de-privacidad\/","title":{"rendered":"Pol\u00edtica de Privacidad"},"content":{"rendered":"<p>CODEOSCOPIC S.A. en cumplimiento de lo establecido en el Reglamento General de Protecci\u00f3n de datos (RGPD 2016\/679) y la Ley de Protecci\u00f3n de Datos Personales y garant\u00eda de los derechos digitales (LO 3\/2018), informa a los usuarios de la p\u00e1gina web <a href=\"http:\/\/www.versusdata.com\" target=\"_blank\" rel=\"noopener noreferrer\">www.versusdata.com:<\/a><\/p>\r\n\r\n<h3>1.- \u00bfQui\u00e9n es el responsable del tratamiento de sus datos?<\/h3>\r\n<p>CODEOSCOPIC S.A. con CIF A85677342 y domicilio a efectos de notificaciones en Ronda de Poniente, 2, edificio 12, 2\u00aa planta, 28760 de Tres Cantos (MADRID).<br\/>\r\nPuede contactar llamando al 910 758 498 o a trav\u00e9s del correo electr\u00f3nico dpd@codeoscopic.com.<\/p>\r\n\r\n<h3>2.- \u00bfQui\u00e9n es el Delegado de Protecci\u00f3n de Datos?<\/h3>\r\n<p>CODEOSCOPIC S.A. nombra como Delegado de Protecci\u00f3n de datos a EXPLOTACI\u00d3N DE SOFTWARE INTEGRAL S.L., pudiendo contactar a trav\u00e9s del email dpd@codeoscopic.com, indicando en el asunto \u201cCODEOSCOPIC S.A.\u201d y el motivo de la consulta o solicitud.<\/p>\r\n\r\n\r\n<h3>3.- \u00bfCon qu\u00e9 finalidad recogemos sus datos y base jur\u00eddica parar tratar sus datos?<\/h3>\r\n\r\n<p><strong>DATOS PERSONALES DE CLIENTES<\/strong><\/p>\r\n\r\n<p>Finalidad: Presupuestar los servicios solicitados.<br\/>\r\n    Base Jur\u00eddica: Es la ejecuci\u00f3n de medidas precontractuales a petici\u00f3n del interesado (presupuestos).<\/p>\r\n\r\n<p>Finalidad: Prestaci\u00f3n de los servicios solicitados.<br\/>\r\n    Base Jur\u00eddica: Es la ejecuci\u00f3n de un contrato.<\/p>\r\n\r\n<p>Finalidad: Gesti\u00f3n interna cliente-empresa.<br\/>\r\n    Base Jur\u00eddica: Es la obligaci\u00f3n legal de CODEOSCOPIC S.A. de cumplir con sus obligaciones fiscales y tributarias.<\/p>\r\n\r\n<p>Finalidad: Gesti\u00f3n administrativa de nuestra empresa.<br\/>\r\n    Base Jur\u00eddica: Es la ejecuci\u00f3n de un contrato.<\/p>\r\n\r\n<p>Finalidad: Facturaci\u00f3n de los servicios solicitados, en su caso.<br\/>\r\n    Base Jur\u00eddica: Es la obligaci\u00f3n legal de CODEOSCOPIC S.A. de cumplir con sus obligaciones fiscales y tributarias.<\/p>\r\n\r\n<p><strong>DATOS PERSONALES DE PROVEEDORES<\/strong><\/p>\r\n\r\n<p>Finalidad: Gesti\u00f3n del servicio prestado y\/o del aprovisionamiento de productos.<br\/>\r\n    Base Jur\u00eddica: Es la ejecuci\u00f3n de un contrato.<\/p>\r\n\r\n<p>Finalidad: Gesti\u00f3n interna proveedor-empresa.<br\/>\r\n    Base Jur\u00eddica: Es la obligaci\u00f3n legal de CODEOSCOPIC S.A.de cumplir con sus obligaciones fiscales y tributarias.<\/p>\r\n\r\n<p>Finalidad: Gesti\u00f3n administrativa de nuestra empresa.<br\/>\r\n    Base Jur\u00eddica: Es la ejecuci\u00f3n de un contrato.<\/p>\r\n\r\n<p>Finalidad: Pago de los servicios prestados, en su caso.<br\/>\r\n    Base Jur\u00eddica: Es la obligaci\u00f3n legal de CODEOSCOPIC S.A.de cumplir con sus obligaciones fiscales y tributarias.<\/p>\r\n\r\n<p><strong>DATOS PERSONALES DE CANDIDATOS<\/strong><\/p>\r\n\r\n<p>Finalidad: Que el candidato pueda formar parte de los procesos de selecci\u00f3n realizados por CODEOSCOPIC S.A.<br\/>\r\n    Base Jur\u00eddica: Es el consentimiento del candidato.<\/p>\r\n\r\n<p><strong>DATOS GRABACI\u00d3N DE LLAMADAS<\/strong><\/p>   \r\n\r\n<p>Finalidad: Por motivos de calidad y de seguridad.<br\/>\r\n    Base Jur\u00eddica: Es el inter\u00e9s leg\u00edtimo basado en garantizar y poder demostrar las informaciones transmitida a trav\u00e9s de este medio.<\/p>\r\n\r\n<p>Finalidad: Verificar la correcta atenci\u00f3n al cliente.<br\/>\r\n    Base Jur\u00eddica: Es el inter\u00e9s leg\u00edtimo basado en garantizar y poder demostrar las informaciones transmitida a trav\u00e9s de este medio.<\/p>\r\n\r\n<p>Finalidad: Servir de prueba en caso de incidente en los servicios prestados.<br\/>\r\n    Base Jur\u00eddica: Es el inter\u00e9s leg\u00edtimo basado en la necesidad de probar una conversaci\u00f3n en un procedimiento judicial, como medio de prueba ante un juicio en caso de litigio.<\/p>>\r\n\r\n<p><strong>DATOS PERSONALES RECOGIDOS EN NUESTRA P\u00c1GINA WEB<\/strong><\/p>\r\n\r\n<p>Adem\u00e1s, en esta p\u00e1gina web se recogen datos de car\u00e1cter personal a trav\u00e9s de diferentes formularios. Los datos solicitados en cada formulario son los necesarios para la finalidad por la cual se recogen. La finalidad de tratamiento son los siguientes:<\/p>\r\n\r\n<p>FORMULARIO DE CONTACTO<\/p>\r\n<p>Finalidad: Poder contestar las consultas planteadas y enviar al usuario la informaci\u00f3n solicitada a trav\u00e9s del correo electr\u00f3nico o tel\u00e9fono indicados en el formulario.<br>\r\nBase jur\u00eddica: Es el consentimiento del usuario.<\/p>\r\n\r\n<p>CORREO ELECTRONICO<\/p>\r\n<p>Finalidad: Si el usuario se pone en contacto a trav\u00e9s del correo electr\u00f3nico publicado en esta p\u00e1gina web, sus datos ser\u00e1n tratados para contestar las consultas planteadas y poderle enviar la informaci\u00f3n solicitada a trav\u00e9s del correo electr\u00f3nico a trav\u00e9s del cual se recibe la consulta.<br>\r\nBase jur\u00eddica: Es el inter\u00e9s leg\u00edtimo de nuestra empresa de responder a las comunicaciones recibidas.<\/p>\r\n\r\n<h3>4.- \u00bfQu\u00e9 categor\u00eda de datos tratamos?<\/h3>\r\n\r\n<p>Los datos que se recaban, de forma enunciativa que no limitativa, se refieren a la categor\u00eda de datos identificativos, como pueden ser: nombre y apellidos, tel\u00e9fono, direcci\u00f3n postal, empresa, correo electr\u00f3nico.<\/p>\r\n\r\n<h3>5.- \u00bfCu\u00e1nto tiempo conservamos sus datos?<\/h3>\r\n\r\n<p><strong>DATOS PERSONALES DE CLIENTES Y PROVEEDORES<\/strong><\/p>\r\n<P>Los datos personales facilitados ser\u00e1n conservados mientras se mantenga la relaci\u00f3n comercial o el usuario solicite su supresi\u00f3n. Finalizada la relaci\u00f3n comercial los datos ser\u00e1n conservados mientras sea necesario para dar cumplimiento a las obligaciones legales. Una vez prescritas las responsabilidades derivadas de dichas obligaciones legales sus datos ser\u00e1n suprimidos. <\/P>\r\n\r\n<p><strong>DATOS PERSONALES DE CANDIDATOS<\/strong><\/p>\r\n<p>Los datos facilitados por el candidato ser\u00e1n conservados durante 1 a\u00f1o.<\/p>\r\n\r\n<p><strong>GRABACIONES DE LLAMADAS<\/strong><\/p>\r\n<p>Mientras sean necesarios para los fines por los que se recogiero.<\/p>\r\n\r\n<p><strong>DATOS PERSONALES FORMULARIOS P\u00c1GINA WEB<\/strong><\/p>\r\n<P>Los datos recogidos a trav\u00e9s de los formularios de nuestra p\u00e1gina web se conservados mientras sean necesarios para dar cumplimiento a la finalidad por la cual fueron recogidos o el usuario solicite su supresi\u00f3n. Los datos personales necesarios para el env\u00edo de comunicaciones comerciales, en caso de que los haya autorizado, ser\u00e1n conservados siempre que no solicite su supresi\u00f3n.<\/P>\r\n\r\n\r\n<h3>6.- \u00bfRealizamos perfiles con sus datos?<\/h3>\r\n\r\n<p>Con la informaci\u00f3n facilitada por los candidatos a trav\u00e9s de su CV, CODEOSCOPIC S.A. podr\u00e1 realizar perfiles con el fin de poder seleccionar el mejor candidato para un puesto de trabajo determinado.<\/p>\r\n\r\n<h3>7.- \u00bfA qui\u00e9n cedemos sus datos?<\/h3>\r\n<p>No se prev\u00e9n cesiones de datos a excepci\u00f3n de las autorizadas por la legislaci\u00f3n fiscal, mercantil y de telecomunicaciones, as\u00ed como en aquellos casos en los que una autoridad judicial nos lo requiera.<\/p>\r\n<p>CODEOSCOPIC S.A. puede compartir datos personales con empresas externas que prestan servicios al CODEOSCOPIC S.A. Con todas estas empresas se formaliza un Contrato de Confidencialidad para garantizar el uso de datos personales de acuerdo a las exigencias de la normativa vigente en Protecci\u00f3n de Datos. A modo enunciativo y sin car\u00e1cter exhaustivo, estas empresas podr\u00e1n ser:<\/p>\r\n<ul>\r\n    <li>Asesor\u00eda Fiscal y Contable.<\/li>\r\n    <li>Empresas Inform\u00e1ticas.<\/li>\r\n<\/ul>\r\n\r\n<h3>8.- \u00bfQu\u00e9 terceros prestan servicios en esta web?<\/h3>\r\n<p>Para el desarrollo de esta p\u00e1gina web se utilizan los siguientes proveedores de servicios:<br\/>\r\n    <e>Hosting<\/e>: Los servidores donde est\u00e1 alojada nuestra p\u00e1gina web est\u00e1n ubicados en la UE. Utiliza protocolos seguros con lo que la comunicaci\u00f3n de datos se hace a trav\u00e9s de canal cifrado.<br\/>\r\n    <e>Mailing<\/e>: Los env\u00edos comerciales son realizados con la herramienta MailChimp cuyos servidores est\u00e1n alojados en EEUU. Esta entidad acata y procesa los datos conforme con las cl\u00e1usulas tipo de protecci\u00f3n de datos aprobadas por la Comisi\u00f3n Europea.<\/p>\r\n\r\n<h3>9.-\u00bfQu\u00e9 derechos tiene y como ejercerlos?<\/h3>\r\n<p>El usuario tiene derecho a acceder a sus datos personales, a solicitar la rectificaci\u00f3n de los que sean inexactos, as\u00ed como a su supresi\u00f3n cuando, entre otros motivos, ya no sean necesarios para los fines que fueron recogidos. En determinadas circunstancias, tambi\u00e9n podr\u00e1 solicitar la limitaci\u00f3n de su tratamiento, en cuyo caso \u00fanicamente se conservar\u00e1n para el ejercicio o la defensa de reclamaciones, as\u00ed como pedir la portabilidad de sus datos. Por motivos relacionados con su situaci\u00f3n particular, podr\u00e1 oponerse al tratamiento de los mismos y CODEOSCOPIC S.A. dejar\u00e1 de tratarlos, salvo por motivos leg\u00edtimos imperiosos, o el ejercicio o la defensa de posibles reclamaciones.<\/p>\r\n<p>El solicitante podr\u00e1 revocar los consentimientos prestados en cualquier momento. El solicitante podr\u00e1 ejercer sus derechos a trav\u00e9s del correo electr\u00f3nico dpd@codeoscopic.com o en las oficinas situadas en Ronda de Poniente, 2, edificio 12, 2\u00aa planta, 28760 de Tres Cantos (MADRID), adjuntando fotocopia del DNI e indicando el derecho que ejercita. Ud. tambi\u00e9n podr\u00e1 presentar una reclamaci\u00f3n ante la Agencia Espa\u00f1ola de Protecci\u00f3n de Datos.<\/p>\r\n\r\n\r\n<h3>10.- \u00bfQu\u00e9 medidas de seguridad tenemos implantadas?<\/h3>\r\n<p>Dentro de nuestro compromiso por garantizar la seguridad y confidencialidad de sus datos de car\u00e1cter personal, le informamos que se han adoptado las medidas de \u00edndole t\u00e9cnica y organizativas necesarias para garantizar la seguridad de los datos de car\u00e1cter personal y evitar su alteraci\u00f3n, p\u00e9rdida, tratamiento o acceso no autorizado, habida cuenta del estado de la tecnolog\u00eda, la naturaleza de los datos almacenados y los riesgos a que est\u00e9n expuestos, seg\u00fan el Art. 32 del RGPD EU 679\/2016.<\/p>\r\n\r\n<h3>11.- \u00bfC\u00f3mo funcionan nuestras redes sociales?<\/h3>\r\n<p>A trav\u00e9s de nuestras redes sociales puedes compartir nuestros contenidos o dejarnos tus comentarios, fotos o v\u00eddeos, siempre que sean del inter\u00e9s para toda la comunidad.\r\nNuestras redes sociales est\u00e1n constantemente supervisadas con el fin de atender vuestras preguntas y comentarios en el menor tiempo posible.<\/p>\r\n<p>Queremos que sea un espacio del que todos disfrutemos, por lo que es importante que entre todos respetemos unas normas de convivencia:<\/p>\r\n<ul>\r\n<li>1. T\u00fa eres el responsable de los contenidos que publiques, no caigas en la violaci\u00f3n de cualquier derecho, ley o reglamento.<\/li>\r\n<li>2. Cuida la redacci\u00f3n y el tono, evita publicar cualquier informaci\u00f3n abusiva, difamatoria u obscena.<\/li>\r\n<li>3. Respeta el derecho a la privacidad, no hagas comentarios il\u00edcitos, ofensivos o discriminatorios sobre terceros.<\/li>\r\n<li>4. Evita comentarios fraudulentos, enga\u00f1osos o que puedan inducir al error.<\/li>\r\n<li>5. No permitimos el spam, ni los mensajes comerciales o publicitarios, no queremos mensajes repetitivos.<\/li>\r\n<li>6. No mantendremos conversaciones con perfiles que podamos considerar como falsos.<\/li>\r\n<\/ul>\r\n<p>Por favor, ten en cuenta que el contenido publicado por los seguidores en nuestras p\u00e1ginas no necesariamente refleja el punto de vista de nuestra empresa.<\/p>\r\n<p>Si tus comentarios no cumplen las \u2018Normas de la casa\u2019, podr\u00e1n ser eliminados, ocultados o bloqueados. Cualquiera que publique contenidos no permitidos ser\u00e1 bloqueado de la comunidad.\r\nNos reservamos el derecho a modificar estas normas en cualquier momento y sin previo aviso.<\/p>","protected":false},"excerpt":{"rendered":"CODEOSCOPIC S.A. en cumplimiento de lo establecido en el Reglamento General de Protecci\u00f3n de datos (RGPD 2016\/679) y la Ley de Protecci\u00f3n de Datos Personales y garant\u00eda de los derechos digitales (LO 3\/2018), informa a los usuarios de la p\u00e1gina web www.versusdata.com: 1.- \u00bfQui\u00e9n es el responsable del tratamiento de sus datos? CODEOSCOPIC S.A. con [&hellip;]","protected":false},"author":1,"featured_media":0,"parent":0,"menu_order":0,"comment_status":"closed","ping_status":"closed","template":"","meta":{"_monsterinsights_skip_tracking":false,"_monsterinsights_sitenote_active":false,"_monsterinsights_sitenote_note":"","_monsterinsights_sitenote_category":0,"footnotes":""},"class_list":["post-312","page","type-page","status-publish","hentry"],"aioseo_notices":[],"_links":{"self":[{"href":"https:\/\/versusdata.com\/es\/wp-json\/wp\/v2\/pages\/312","targetHints":{"allow":["GET"]}}],"collection":[{"href":"https:\/\/versusdata.com\/es\/wp-json\/wp\/v2\/pages"}],"about":[{"href":"https:\/\/versusdata.com\/es\/wp-json\/wp\/v2\/types\/page"}],"author":[{"embeddable":true,"href":"https:\/\/versusdata.com\/es\/wp-json\/wp\/v2\/users\/1"}],"replies":[{"embeddable":true,"href":"https:\/\/versusdata.com\/es\/wp-json\/wp\/v2\/comments?post=312"}],"version-history":[{"count":0,"href":"https:\/\/versusdata.com\/es\/wp-json\/wp\/v2\/pages\/312\/revisions"}],"wp:attachment":[{"href":"https:\/\/versusdata.com\/es\/wp-json\/wp\/v2\/media?parent=312"}],"curies":[{"name":"wp","href":"https:\/\/api.w.org\/{rel}","templated":true}]}}